{"id":333,"date":"2021-09-15T18:44:26","date_gmt":"2021-09-15T18:44:26","guid":{"rendered":"https:\/\/www.therightline.com\/?page_id=333"},"modified":"2025-02-03T18:49:58","modified_gmt":"2025-02-03T18:49:58","slug":"updates","status":"publish","type":"page","link":"https:\/\/orlandosrightrail.com\/es\/updates\/","title":{"rendered":"Actualizaciones"},"content":{"rendered":"<p>[et_pb_section fb_built=&#8221;1&#8243; admin_label=&#8221;Header&#8221; _builder_version=&#8221;4.10.6&#8243; background_color=&#8221;#a5a5a5&#8243; use_background_color_gradient=&#8221;on&#8221; background_color_gradient_start=&#8221;#f7f7f7&#8243; background_color_gradient_end=&#8221;#ffffff&#8221; background_color_gradient_direction=&#8221;90deg&#8221; background_color_gradient_start_position=&#8221;66%&#8221; background_color_gradient_end_position=&#8221;0%&#8221; background_image=&#8221;https:\/\/orlandosrightrail.com\/wp-content\/uploads\/2025\/02\/hero_bg_placeholder.jpg&#8221; background_enable_video_mp4=&#8221;off&#8221; custom_margin=&#8221;|||||&#8221; custom_padding=&#8221;||||false|false&#8221; hover_enabled=&#8221;0&#8243; background_last_edited=&#8221;on|tablet&#8221; use_background_color_gradient_tablet=&#8221;on&#8221; background_color_gradient_start_position_tablet=&#8221;100%&#8221; custom_css_before=&#8221;content:%22%22;||    display: block;||    position: absolute;||    top: 0;||    left: 0;||    width: 100%;||    height: 100%;||    background-color: rgba(46,118,141,0.9);||    z-index: 1;&#8221; global_colors_info=&#8221;{}&#8221; title_text=&#8221;hero_bg_placeholder&#8221; sticky_enabled=&#8221;0&#8243;][et_pb_row custom_padding_last_edited=&#8221;on|phone&#8221; padding_left_right_link_1=&#8221;false&#8221; _builder_version=&#8221;4.10.6&#8243; background_enable_image=&#8221;off&#8221; background_size=&#8221;initial&#8221; background_position=&#8221;top_left&#8221; custom_padding=&#8221;|||20px&#8221; custom_padding_tablet=&#8221;&#8221; custom_padding_phone=&#8221;|||0px&#8221; global_colors_info=&#8221;{}&#8221;][et_pb_column type=&#8221;4_4&#8243; _builder_version=&#8221;3.25&#8243; background_repeat=&#8221;repeat&#8221; custom_padding=&#8221;|20px||&#8221; custom_padding_tablet=&#8221;|0px||&#8221; custom_padding_phone=&#8221;&#8221; custom_padding_last_edited=&#8221;on|tablet&#8221; global_colors_info=&#8221;{}&#8221; custom_padding__hover=&#8221;|||&#8221;][et_pb_text _builder_version=&#8221;4.10.6&#8243; text_font=&#8221;||||||||&#8221; text_text_color=&#8221;gcid-e40592ff-59d1-4434-b83b-f02c8b90f097&#8243; text_font_size=&#8221;24px&#8221; text_line_height=&#8221;1.8em&#8221; header_font=&#8221;|600||on|||||&#8221; header_text_color=&#8221;#FFFFFF&#8221; header_font_size=&#8221;72px&#8221; custom_margin=&#8221;||2px|||&#8221; text_font_size_tablet=&#8221;&#8221; text_font_size_phone=&#8221;14px&#8221; text_font_size_last_edited=&#8221;on|desktop&#8221; header_font_size_tablet=&#8221;50px&#8221; header_font_size_phone=&#8221;30px&#8221; header_font_size_last_edited=&#8221;on|phone&#8221; global_colors_info=&#8221;{%22gcid-e40592ff-59d1-4434-b83b-f02c8b90f097%22:%91%22text_text_color%22,%22header_text_color%22%93}&#8221;]<\/p>\n<h1>Actualizaciones<\/h1>\n<p>[\/et_pb_text][\/et_pb_column][\/et_pb_row][\/et_pb_section][et_pb_section fb_built=&#8221;1&#8243; _builder_version=&#8221;4.10.6&#8243; use_background_color_gradient=&#8221;on&#8221; background_color_gradient_start=&#8221;#f7f7f7&#8243; background_color_gradient_end=&#8221;#ffffff&#8221; background_color_gradient_direction=&#8221;90deg&#8221; background_color_gradient_start_position=&#8221;65%&#8221; background_color_gradient_end_position=&#8221;65%&#8221; background_enable_image=&#8221;off&#8221; background_size=&#8221;contain&#8221; background_position=&#8221;top_center&#8221; custom_padding=&#8221;||175px||false|false&#8221; hover_enabled=&#8221;0&#8243; global_colors_info=&#8221;{}&#8221; sticky_enabled=&#8221;0&#8243;][et_pb_row _builder_version=&#8221;4.10.6&#8243; locked=&#8221;off&#8221; global_colors_info=&#8221;{}&#8221;][et_pb_column type=&#8221;4_4&#8243; _builder_version=&#8221;3.25&#8243; custom_padding=&#8221;|||&#8221; global_colors_info=&#8221;{}&#8221; custom_padding__hover=&#8221;|||&#8221;][et_pb_text _builder_version=&#8221;4.10.6&#8243; text_font=&#8221;||||||||&#8221; text_text_color=&#8221;#000000&#8243; text_font_size=&#8221;16px&#8221; text_line_height=&#8221;1.8em&#8221; header_font=&#8221;||||||||&#8221; header_2_font=&#8221;||||||||&#8221; header_2_text_color=&#8221;#002B3A&#8221; header_2_font_size=&#8221;44px&#8221; header_2_line_height=&#8221;1.2em&#8221; custom_margin=&#8221;||60px|20px|false|false&#8221; text_font_size_tablet=&#8221;&#8221; text_font_size_phone=&#8221;14px&#8221; text_font_size_last_edited=&#8221;on|desktop&#8221; header_2_font_size_tablet=&#8221;32px&#8221; header_2_font_size_phone=&#8221;26px&#8221; header_2_font_size_last_edited=&#8221;on|phone&#8221; text_text_align=&#8221;left&#8221; locked=&#8221;off&#8221; global_colors_info=&#8221;{}&#8221;]<\/p>\n<h2>Recibe las actualizaciones m\u00e1s recientes sobre el progreso, la cobertura de los medios y los videos sobre nuestra causa.<\/h2>\n<p>[\/et_pb_text][\/et_pb_column][\/et_pb_row][et_pb_row _builder_version=&#8221;4.10.6&#8243; _module_preset=&#8221;default&#8221; global_colors_info=&#8221;{}&#8221;][et_pb_column type=&#8221;4_4&#8243; _builder_version=&#8221;4.10.6&#8243; _module_preset=&#8221;default&#8221; global_colors_info=&#8221;{}&#8221;][et_pb_blog fullwidth=&#8221;off&#8221; include_categories=&#8221;12&#8243; show_categories=&#8221;off&#8221; _builder_version=&#8221;4.10.6&#8243; _module_preset=&#8221;default&#8221; header_font=&#8221;|700|||||||&#8221; header_text_color=&#8221;#002B3A&#8221; header_font_size=&#8221;23px&#8221; meta_font=&#8221;|700|||||||&#8221; meta_text_color=&#8221;#2E768D&#8221; meta_font_size=&#8221;16px&#8221; global_colors_info=&#8221;{}&#8221;][\/et_pb_blog][\/et_pb_column][\/et_pb_row][et_pb_row _builder_version=&#8221;4.10.6&#8243; locked=&#8221;off&#8221; global_colors_info=&#8221;{}&#8221;][et_pb_column type=&#8221;4_4&#8243; _builder_version=&#8221;3.25&#8243; custom_padding=&#8221;|||&#8221; global_colors_info=&#8221;{}&#8221; custom_padding__hover=&#8221;|||&#8221;][et_pb_text _builder_version=&#8221;4.10.6&#8243; text_font=&#8221;||||||||&#8221; text_text_color=&#8221;#000000&#8243; text_font_size=&#8221;16px&#8221; text_line_height=&#8221;1.8em&#8221; header_font=&#8221;||||||||&#8221; header_2_font=&#8221;||||||||&#8221; header_2_text_color=&#8221;#002B3A&#8221; header_2_font_size=&#8221;44px&#8221; header_2_line_height=&#8221;1.2em&#8221; custom_margin=&#8221;||60px|20px|false|false&#8221; text_font_size_tablet=&#8221;&#8221; text_font_size_phone=&#8221;14px&#8221; text_font_size_last_edited=&#8221;on|desktop&#8221; header_2_font_size_tablet=&#8221;32px&#8221; header_2_font_size_phone=&#8221;26px&#8221; header_2_font_size_last_edited=&#8221;on|phone&#8221; text_text_align=&#8221;left&#8221; locked=&#8221;off&#8221; global_colors_info=&#8221;{}&#8221;]<\/p>\n<h2>Archivo<\/h2>\n<p>[\/et_pb_text][\/et_pb_column][\/et_pb_row][et_pb_row _builder_version=&#8221;4.10.6&#8243; _module_preset=&#8221;default&#8221; global_colors_info=&#8221;{}&#8221;][et_pb_column type=&#8221;4_4&#8243; _builder_version=&#8221;4.10.6&#8243; _module_preset=&#8221;default&#8221; global_colors_info=&#8221;{}&#8221;][et_pb_blog fullwidth=&#8221;off&#8221; include_categories=&#8221;13&#8243; show_thumbnail=&#8221;off&#8221; show_categories=&#8221;off&#8221; _builder_version=&#8221;4.10.6&#8243; _module_preset=&#8221;default&#8221; header_font=&#8221;|700|||||||&#8221; header_text_color=&#8221;#002B3A&#8221; header_font_size=&#8221;23px&#8221; meta_font=&#8221;|700|||||||&#8221; meta_text_color=&#8221;#2E768D&#8221; meta_font_size=&#8221;16px&#8221; global_colors_info=&#8221;{}&#8221;][\/et_pb_blog][\/et_pb_column][\/et_pb_row][\/et_pb_section][et_pb_section fb_built=&#8221;1&#8243; _builder_version=&#8221;4.10.6&#8243; _module_preset=&#8221;default&#8221; custom_margin=&#8221;0px||||false|false&#8221; custom_padding=&#8221;40px||40px||false|false&#8221; global_module=&#8221;418&#8243; saved_tabs=&#8221;all&#8221; global_colors_info=&#8221;{}&#8221;][et_pb_row column_structure=&#8221;1_2,1_2&#8243; make_equal=&#8221;on&#8221; _builder_version=&#8221;4.10.6&#8243; _module_preset=&#8221;default&#8221; width=&#8221;90%&#8221; max_width=&#8221;1227px&#8221; custom_padding=&#8221;10px||||false|false&#8221; custom_css_main_element=&#8221;align-items: center;&#8221; global_colors_info=&#8221;{}&#8221;][et_pb_column type=&#8221;1_2&#8243; _builder_version=&#8221;4.10.6&#8243; _module_preset=&#8221;default&#8221; global_colors_info=&#8221;{}&#8221;][et_pb_text _builder_version=&#8221;4.10.6&#8243; _module_preset=&#8221;default&#8221; link_text_color=&#8221;#2E768D&#8221; width=&#8221;100%&#8221; max_width=&#8221;100%&#8221; custom_padding=&#8221;||||false|false&#8221; text_font_size_tablet=&#8221;&#8221; text_font_size_phone=&#8221;12px&#8221; text_font_size_last_edited=&#8221;on|phone&#8221; global_colors_info=&#8221;{}&#8221; text_font_size__hover_enabled=&#8221;off|desktop&#8221;]<\/p>\n<p><a href=\"https:\/\/orlandosrightrail.com\/es\/privacy-policy\/\">Pol\u00edtica de privacidad<\/a> |\u00a0<a href=\"https:\/\/orlandosrightrail.com\/es\/terms-of-service\/\">T\u00e9rminos de servicio<\/a> |\u00a0<a href=\"https:\/\/orlandosrightrail.com\/es\/cookie-policy\/\">Pol\u00edtica de cookies<\/a><\/p>\n<p>[\/et_pb_text][\/et_pb_column][et_pb_column type=\u201d1_2\u2033 _builder_version=\u201d4.10.6\u2033 _module_preset=\u201ddefault\u201d custom_css_main_element=\u201ddisplay: flex;||align-items: center;||justify-content: flex- final;&quot; global_colors_info=\u201d{}\u201d custom_css_main_element_last_edited=\u201don|tablet\u201d custom_css_main_element_tablet=\u201ddisplay: block;\u201d][et_pb_text _builder_version=\u201d4.10.6\u2033 _module_preset=\u201ddefault\u201d header_4_font=\u201d|700|||||||\u201d header_4_text_color=\u201d#2E768D\u201d text_orientation=\u201dright\u201d custom_margin=\u201d0px||0px||false|false\u201d custom_padding=\u201d15px||0px||false|false\u201d text_orientation_tablet=\u201dleft\u201d text_orientation_phone=\u201dcenter\u201d text_orientation_last_edited=\u201don |tableta\u201d global_colors_info=\u201d{}\u201d]<\/p>\n<h4>Con\u00e9ctate con nosotros<\/p>\n<h4>[\/et_pb_text][et_pb_social_media_follow _builder_version=&#8221;4.10.6&#8243; _module_preset=&#8221;default&#8221; text_orientation=&#8221;right&#8221; custom_margin=&#8221;0px||||false|false&#8221; custom_padding=&#8221;0px|||30px|false|false&#8221; custom_padding_tablet=&#8221;0px|||0px|false|false&#8221; custom_padding_phone=&#8221;&#8221; custom_padding_last_edited=&#8221;on|tablet&#8221; text_orientation_tablet=&#8221;left&#8221; text_orientation_phone=&#8221;center&#8221; text_orientation_last_edited=&#8221;on|tablet&#8221; global_colors_info=&#8221;{}&#8221;][et_pb_social_media_follow_network social_network=&#8221;facebook&#8221; url=&#8221;https:\/\/www.facebook.com\/OrlandosRightRail%20&#8243; _builder_version=&#8221;4.10.6&#8243; _module_preset=&#8221;default&#8221; background_color=&#8221;#4267b2&#8243; background_enable_color=&#8221;on&#8221; global_colors_info=&#8221;{}&#8221; follow_button=&#8221;off&#8221; url_new_window=&#8221;on&#8221;]facebook[\/et_pb_social_media_follow_network][et_pb_social_media_follow_network social_network=&#8221;youtube&#8221; url=&#8221;https:\/\/www.youtube.com\/channel\/UCI2NF4ErGdeD55P5KlfWyeQ&#8221; _builder_version=&#8221;4.10.6&#8243; _module_preset=&#8221;default&#8221; background_color=&#8221;#a82400&#8243; background_enable_color=&#8221;on&#8221; global_colors_info=&#8221;{}&#8221; follow_button=&#8221;off&#8221; url_new_window=&#8221;on&#8221;]youtube[\/et_pb_social_media_follow_network][\/et_pb_social_media_follow][\/et_pb_column][\/et_pb_row][\/et_pb_section]<\/p>","protected":false},"excerpt":{"rendered":"<p>ActualizacionesObtenga las actualizaciones m\u00e1s recientes sobre el progreso, la cobertura de los medios y videos sobre nuestra causa.ArchivoPol\u00edtica de privacidad | Condiciones de servicio | Pol\u00edtica de cookiesCon\u00e9ctate con nosotros facebookyoutube<\/p>","protected":false},"author":5,"featured_media":0,"parent":0,"menu_order":0,"comment_status":"closed","ping_status":"closed","template":"","meta":{"_et_pb_use_builder":"on","_et_pb_old_content":"","_et_gb_content_width":"","footnotes":""},"class_list":["post-333","page","type-page","status-publish","hentry"],"yoast_head":"<!-- This site is optimized with the Yoast SEO plugin v17.2 - https:\/\/yoast.com\/wordpress\/plugins\/seo\/ -->\n<title>Updates - Orlando&#039;s Right Rail<\/title>\n<meta name=\"robots\" content=\"index, follow, max-snippet:-1, max-image-preview:large, max-video-preview:-1\" \/>\n<link rel=\"canonical\" href=\"https:\/\/orlandosrightrail.com\/es\/updates\/\" \/>\n<meta property=\"og:locale\" content=\"es_ES\" \/>\n<meta property=\"og:type\" content=\"article\" \/>\n<meta property=\"og:title\" content=\"Updates - Orlando&#039;s Right Rail\" \/>\n<meta property=\"og:description\" content=\"UpdatesGet the most recent updates on progress, media coverage and videos about our cause.ArchivePrivacy Policy |\u00a0Terms of Service |\u00a0Cookie PolicyConnect with Us facebookyoutube\" \/>\n<meta property=\"og:url\" content=\"https:\/\/orlandosrightrail.com\/es\/updates\/\" \/>\n<meta property=\"og:site_name\" content=\"Orlando&#039;s Right Rail\" \/>\n<meta property=\"article:modified_time\" content=\"2025-02-03T18:49:58+00:00\" \/>\n<meta property=\"og:image\" content=\"https:\/\/orlandosrightrail.com\/wp-content\/uploads\/2021\/11\/17220604\/ORR_default_image.jpg\" \/>\n\t<meta property=\"og:image:width\" content=\"240\" \/>\n\t<meta property=\"og:image:height\" content=\"240\" \/>\n<meta name=\"twitter:card\" content=\"summary_large_image\" \/>\n<meta name=\"twitter:label1\" content=\"Tiempo de lectura\" \/>\n\t<meta name=\"twitter:data1\" content=\"6 minutos\" \/>\n<script type=\"application\/ld+json\" class=\"yoast-schema-graph\">{\"@context\":\"https:\/\/schema.org\",\"@graph\":[{\"@type\":\"WebSite\",\"@id\":\"https:\/\/orlandosrightrail.com\/es\/#website\",\"url\":\"https:\/\/orlandosrightrail.com\/es\/\",\"name\":\"Orlando&#039;s Right Rail\",\"description\":\"The only choice for Central Florida\\u2019s communities, business and environment.\",\"potentialAction\":[{\"@type\":\"SearchAction\",\"target\":{\"@type\":\"EntryPoint\",\"urlTemplate\":\"https:\/\/orlandosrightrail.com\/es\/?s={search_term_string}\"},\"query-input\":\"required name=search_term_string\"}],\"inLanguage\":\"es\"},{\"@type\":\"WebPage\",\"@id\":\"https:\/\/orlandosrightrail.com\/es\/updates\/#webpage\",\"url\":\"https:\/\/orlandosrightrail.com\/es\/updates\/\",\"name\":\"Updates - Orlando&#039;s Right Rail\",\"isPartOf\":{\"@id\":\"https:\/\/orlandosrightrail.com\/es\/#website\"},\"datePublished\":\"2021-09-15T18:44:26+00:00\",\"dateModified\":\"2025-02-03T18:49:58+00:00\",\"breadcrumb\":{\"@id\":\"https:\/\/orlandosrightrail.com\/es\/updates\/#breadcrumb\"},\"inLanguage\":\"es\",\"potentialAction\":[{\"@type\":\"ReadAction\",\"target\":[\"https:\/\/orlandosrightrail.com\/es\/updates\/\"]}]},{\"@type\":\"BreadcrumbList\",\"@id\":\"https:\/\/orlandosrightrail.com\/es\/updates\/#breadcrumb\",\"itemListElement\":[{\"@type\":\"ListItem\",\"position\":1,\"name\":\"Home\",\"item\":\"https:\/\/orlandosrightrail.com\/es\/\"},{\"@type\":\"ListItem\",\"position\":2,\"name\":\"Updates\"}]}]}<\/script>\n<!-- \/ Yoast SEO plugin. -->","yoast_head_json":{"title":"Updates - Orlando&#039;s Right Rail","robots":{"index":"index","follow":"follow","max-snippet":"max-snippet:-1","max-image-preview":"max-image-preview:large","max-video-preview":"max-video-preview:-1"},"canonical":"https:\/\/orlandosrightrail.com\/es\/updates\/","og_locale":"es_ES","og_type":"article","og_title":"Updates - Orlando&#039;s Right Rail","og_description":"UpdatesGet the most recent updates on progress, media coverage and videos about our cause.ArchivePrivacy Policy |\u00a0Terms of Service |\u00a0Cookie PolicyConnect with Us facebookyoutube","og_url":"https:\/\/orlandosrightrail.com\/es\/updates\/","og_site_name":"Orlando&#039;s Right Rail","article_modified_time":"2025-02-03T18:49:58+00:00","og_image":[{"width":240,"height":240,"url":"https:\/\/orlandosrightrail.com\/wp-content\/uploads\/2021\/11\/17220604\/ORR_default_image.jpg","path":"\/www\/orlandosrightrailuniversal_345\/public\/wp-content\/uploads\/wp-content\/uploads\/2021\/11\/17220604\/ORR_default_image.jpg","size":"full","id":744,"alt":"","pixels":57600,"type":"image\/jpeg"}],"twitter_card":"summary_large_image","twitter_misc":{"Tiempo de lectura":"6 minutos"},"schema":{"@context":"https:\/\/schema.org","@graph":[{"@type":"WebSite","@id":"https:\/\/orlandosrightrail.com\/es\/#website","url":"https:\/\/orlandosrightrail.com\/es\/","name":"Orlando&#039;s Right Rail","description":"The only choice for Central Florida\u2019s communities, business and environment.","potentialAction":[{"@type":"SearchAction","target":{"@type":"EntryPoint","urlTemplate":"https:\/\/orlandosrightrail.com\/es\/?s={search_term_string}"},"query-input":"required name=search_term_string"}],"inLanguage":"es"},{"@type":"WebPage","@id":"https:\/\/orlandosrightrail.com\/es\/updates\/#webpage","url":"https:\/\/orlandosrightrail.com\/es\/updates\/","name":"Updates - Orlando&#039;s Right Rail","isPartOf":{"@id":"https:\/\/orlandosrightrail.com\/es\/#website"},"datePublished":"2021-09-15T18:44:26+00:00","dateModified":"2025-02-03T18:49:58+00:00","breadcrumb":{"@id":"https:\/\/orlandosrightrail.com\/es\/updates\/#breadcrumb"},"inLanguage":"es","potentialAction":[{"@type":"ReadAction","target":["https:\/\/orlandosrightrail.com\/es\/updates\/"]}]},{"@type":"BreadcrumbList","@id":"https:\/\/orlandosrightrail.com\/es\/updates\/#breadcrumb","itemListElement":[{"@type":"ListItem","position":1,"name":"Home","item":"https:\/\/orlandosrightrail.com\/es\/"},{"@type":"ListItem","position":2,"name":"Updates"}]}]}},"_links":{"self":[{"href":"https:\/\/orlandosrightrail.com\/es\/wp-json\/wp\/v2\/pages\/333","targetHints":{"allow":["GET"]}}],"collection":[{"href":"https:\/\/orlandosrightrail.com\/es\/wp-json\/wp\/v2\/pages"}],"about":[{"href":"https:\/\/orlandosrightrail.com\/es\/wp-json\/wp\/v2\/types\/page"}],"author":[{"embeddable":true,"href":"https:\/\/orlandosrightrail.com\/es\/wp-json\/wp\/v2\/users\/5"}],"replies":[{"embeddable":true,"href":"https:\/\/orlandosrightrail.com\/es\/wp-json\/wp\/v2\/comments?post=333"}],"version-history":[{"count":10,"href":"https:\/\/orlandosrightrail.com\/es\/wp-json\/wp\/v2\/pages\/333\/revisions"}],"predecessor-version":[{"id":983,"href":"https:\/\/orlandosrightrail.com\/es\/wp-json\/wp\/v2\/pages\/333\/revisions\/983"}],"wp:attachment":[{"href":"https:\/\/orlandosrightrail.com\/es\/wp-json\/wp\/v2\/media?parent=333"}],"curies":[{"name":"wp","href":"https:\/\/api.w.org\/{rel}","templated":true}]}}