{"id":411,"date":"2021-09-22T19:42:43","date_gmt":"2021-09-22T19:42:43","guid":{"rendered":"https:\/\/orlandosrightrail.com\/?page_id=411"},"modified":"2021-09-22T19:56:53","modified_gmt":"2021-09-22T19:56:53","slug":"terms-of-service","status":"publish","type":"page","link":"https:\/\/orlandosrightrail.com\/es\/terms-of-service\/","title":{"rendered":"T\u00e9rminos de servicio"},"content":{"rendered":"<p>[et_pb_section fb_built=&#8221;1&#8243; admin_label=&#8221;Header&#8221; _builder_version=&#8221;4.10.6&#8243; background_color=&#8221;#a5a5a5&#8243; use_background_color_gradient=&#8221;on&#8221; background_color_gradient_start=&#8221;#f7f7f7&#8243; background_color_gradient_end=&#8221;#ffffff&#8221; background_color_gradient_direction=&#8221;90deg&#8221; background_color_gradient_start_position=&#8221;66%&#8221; background_color_gradient_end_position=&#8221;0%&#8221; background_image=&#8221;https:\/\/therightline.s3.us-east-2.amazonaws.com\/wp-content\/uploads\/2021\/09\/15181952\/issue_header.jpg&#8221; background_enable_video_mp4=&#8221;off&#8221; custom_margin=&#8221;|||||&#8221; custom_padding=&#8221;||||false|false&#8221; background_last_edited=&#8221;on|tablet&#8221; use_background_color_gradient_tablet=&#8221;on&#8221; background_color_gradient_start_position_tablet=&#8221;100%&#8221; custom_css_before=&#8221;content:%22%22;||    display: block;||    position: absolute;||    top: 0;||    left: 0;||    width: 100%;||    height: 100%;||    background-color: rgba(46,118,141,0.9);||    z-index: 1;&#8221; global_colors_info=&#8221;{}&#8221;][et_pb_row custom_padding_last_edited=&#8221;on|phone&#8221; padding_left_right_link_1=&#8221;false&#8221; _builder_version=&#8221;4.10.6&#8243; background_image=&#8221;https:\/\/www.therightline.com\/wp-content\/uploads\/2021\/09\/03042928\/green-energy-20.png&#8221; background_size=&#8221;initial&#8221; background_position=&#8221;top_left&#8221; custom_padding=&#8221;|||20px&#8221; custom_padding_tablet=&#8221;&#8221; custom_padding_phone=&#8221;|||0px&#8221; global_colors_info=&#8221;{}&#8221;][et_pb_column type=&#8221;4_4&#8243; _builder_version=&#8221;3.25&#8243; background_repeat=&#8221;repeat&#8221; custom_padding=&#8221;|20px||&#8221; custom_padding_tablet=&#8221;|0px||&#8221; custom_padding_phone=&#8221;&#8221; custom_padding_last_edited=&#8221;on|tablet&#8221; global_colors_info=&#8221;{}&#8221; custom_padding__hover=&#8221;|||&#8221;][et_pb_text _builder_version=&#8221;4.10.6&#8243; text_font=&#8221;||||||||&#8221; text_text_color=&#8221;gcid-e40592ff-59d1-4434-b83b-f02c8b90f097&#8243; text_font_size=&#8221;24px&#8221; text_line_height=&#8221;1.8em&#8221; header_font=&#8221;|600||on|||||&#8221; header_text_color=&#8221;#FFFFFF&#8221; header_font_size=&#8221;72px&#8221; custom_margin=&#8221;||2px|||&#8221; text_font_size_tablet=&#8221;&#8221; text_font_size_phone=&#8221;14px&#8221; text_font_size_last_edited=&#8221;on|desktop&#8221; header_font_size_tablet=&#8221;50px&#8221; header_font_size_phone=&#8221;30px&#8221; header_font_size_last_edited=&#8221;on|phone&#8221; global_colors_info=&#8221;{%22gcid-e40592ff-59d1-4434-b83b-f02c8b90f097%22:%91%22text_text_color%22,%22header_text_color%22%93}&#8221;]<\/p>\n<h1>T\u00e9rminos de servicio<\/h1>\n<p>[\/ et_pb_text] [\/ et_pb_column] [\/ et_pb_row] [\/ et_pb_section] [et_pb_section fb_built = \u201d1 \u2033 _builder_version =\u201d 4.10.6 \u2033 background_color_gradient_direction = \u201d343deg contienen top\u201d background_enable_image_image_ = \u201doff\u201d custom_padding = \u201d|| 103px |||\u201d global_colors_info = \u201d{}\u201d] [et_pb_row _builder_version = \u201d4.10.6 \u2033 max_width =\u201d 980px \u201dbloqueado =\u201d off \u201dglobal_colors_info =\u201d {} \u201d] [et_pb_column type =\u201d 4_4 \u2033 _builder_version = \u201d3.25 \u2033 custom_padding =\u201d || | \u201d global_colors_info = \u201d{}\u201d custom_padding__hover = \u201d|||\u201d] [et_pb_text _builder_version = \u201d4.10.6 \u2033 text_font =\u201d |||||||| \u201d text_text_color = \u201d#002B3A\u201d text_font_size = \u201d18px\u201d text_line_height = \u201d1.9em\u201d link_text_color = \u201d#E09900 \u2033 header_font =\u201d |||||||| \u201d header_2_font = \u201d| 700 || en |||||\u201d header_2_text_color = \u201d#002B3A\u201d header_2_font_size = \u201d28px\u201d header_2_line_height = \u201d1.2em\u201d custom_margin = \u201d|| 60px | 20px | false | false\u201d text_font_size_tablet = \u201d\u201d text_font_size_phone = \u201d14px\u201d text_font_size_size_phone = \u201d14px\u201d text_font_size_size \u201d_last | header_2_font_size_phone = \u201d26px\u201d header_2_font_size_last_edited = \u201den | tel\u00e9fono\u201d text_text_align = \u201dleft\u201d bloqueado = \u201doff\u201d global_colors_info = \u201d{}\u201d]<\/p>\n<p>Estos T\u00e9rminos de servicio rigen su uso del sitio web ubicado en https:\/\/orlandosrightrail.com y cualquier servicio relacionado proporcionado por la C\u00e1mara de Comercio de International Drive.<\/p>\n<p>POR FAVOR LEA ESTOS T\u00c9RMINOS DE SERVICIO DETENIDAMENTE, CONTIENEN INFORMACI\u00d3N IMPORTANTE SOBRE SUS DERECHOS LEGALES, INCLUYENDO ARBITRAJE OBLIGATORIO, NINGUNA DEMANDA COLECTIVA Y RENUNCIA A SU DERECHO A JUICIO POR JURADO.<\/p>\n<p>Al acceder a https:\/\/orlandosrightrail.com, acepta cumplir con estos T\u00e9rminos de servicio y con todas las leyes y regulaciones aplicables. Si no est\u00e1 de acuerdo con estos T\u00e9rminos de servicio, tiene prohibido usar o acceder a este sitio web o usar cualquier otro servicio proporcionado por la C\u00e1mara de Comercio de International Drive.<\/p>\n<p>Nosotros, la C\u00e1mara de Comercio de International Drive, nos reservamos el derecho de revisar y enmendar cualquiera de estos T\u00e9rminos de Servicio a nuestro exclusivo criterio. Al hacerlo, actualizaremos esta p\u00e1gina. Cualquier cambio a estos T\u00e9rminos de servicio entrar\u00e1 en vigencia inmediatamente a partir de la fecha de publicaci\u00f3n.<\/p>\n<p>Estos T\u00e9rminos de servicio se actualizaron por \u00faltima vez el 8 de septiembre de 2021.<\/p>\n<h2>Limitaciones de uso<\/h2>\n<p>Al utilizar este sitio web, garantiza en su nombre, sus usuarios y otras partes que representa que no:<\/p>\n<p>modificar, copiar, preparar trabajos derivados, descompilar o realizar ingenier\u00eda inversa de cualquier material y software contenido en este sitio web;<br \/>eliminar cualquier derecho de autor u otras anotaciones de propiedad de cualquier material y software en este sitio web;<br \/>transferir los materiales a otra persona o &quot;reflejar&quot; los materiales en cualquier otro servidor;<br \/>utilizar con conocimiento o negligencia este sitio web o cualquiera de sus servicios asociados de una manera que abuse o interrumpa nuestras redes o cualquier otro servicio que brinde la C\u00e1mara de Comercio de International Drive;<br \/>utilizar este sitio web o sus servicios asociados para transmitir o publicar cualquier material acosador, indecente, obsceno, fraudulento o ilegal;<br \/>utilizar este sitio web o sus servicios asociados en violaci\u00f3n de cualquier ley o reglamento aplicable;<br \/>utilizar este sitio web junto con el env\u00edo de publicidad no autorizada o spam;<br \/>recolectar, recopilar o recopilar datos del usuario sin el consentimiento del usuario; o<br \/>utilizar este sitio web o sus servicios asociados de tal manera que pueda infringir la privacidad, los derechos de propiedad intelectual u otros derechos de terceros.<\/p>\n<h2>Propiedad intelectual<\/h2>\n<p>La propiedad intelectual de los materiales contenidos en este sitio web es propiedad de la C\u00e1mara de Comercio de International Drive o tiene licencia para ella y est\u00e1 protegida por las leyes de derechos de autor y marcas registradas aplicables. Otorgamos a nuestros usuarios permiso para descargar una copia de los materiales para uso transitorio personal y no comercial.<\/p>\n<p>Esto constituye la concesi\u00f3n de una licencia, no una transferencia de t\u00edtulo. Esta licencia terminar\u00e1 autom\u00e1ticamente si usted viola cualquiera de estas restricciones o los T\u00e9rminos de servicio, y la C\u00e1mara de Comercio de International Drive puede cancelarla en cualquier momento.<\/p>\n<h2>Responsabilidad<\/h2>\n<p>Nuestro sitio web y los materiales en nuestro sitio web se proporcionan &quot;tal cual&quot;. En la medida en que lo permita la ley, la C\u00e1mara de Comercio de International Drive no ofrece ninguna garant\u00eda, expresa o impl\u00edcita, y por la presente renuncia y niega todas las dem\u00e1s garant\u00edas, incluidas, entre otras, las garant\u00edas impl\u00edcitas o las condiciones de comerciabilidad, idoneidad para un prop\u00f3sito particular o no- infracci\u00f3n de la propiedad intelectual u otra infracci\u00f3n de derechos.<\/p>\n<p>En ning\u00fan caso, la C\u00e1mara de Comercio de International Drive o sus proveedores ser\u00e1n responsables de cualquier p\u00e9rdida consecuente sufrida o incurrida por usted o cualquier tercero que surja del uso o la imposibilidad de usar este sitio web o los materiales en este sitio web, incluso si The International Drive La C\u00e1mara de Comercio o un representante autorizado ha sido notificado, oralmente o por escrito, de la posibilidad de tal da\u00f1o.<\/p>\n<p>En el contexto de este acuerdo, &quot;p\u00e9rdida emergente&quot; incluye cualquier p\u00e9rdida emergente, p\u00e9rdida indirecta, p\u00e9rdida de ganancias real o anticipada, p\u00e9rdida de beneficios, p\u00e9rdida de ingresos, p\u00e9rdida de negocios, p\u00e9rdida de buena voluntad, p\u00e9rdida de oportunidad, p\u00e9rdida de ahorros, p\u00e9rdida de reputaci\u00f3n, p\u00e9rdida de uso y \/ o p\u00e9rdida o corrupci\u00f3n de datos, ya sea por estatuto, contrato, equidad, agravio (incluida la negligencia), indemnizaci\u00f3n o de otro modo.<\/p>\n<p>Debido a que algunas jurisdicciones no permiten limitaciones sobre garant\u00edas impl\u00edcitas o limitaciones de responsabilidad por da\u00f1os consecuentes o incidentales, es posible que estas limitaciones no se apliquen en su caso.<\/p>\n<h2>Precisi\u00f3n de los materiales<\/h2>\n<p>Los materiales que aparecen en nuestro sitio web no son exhaustivos y solo tienen fines de informaci\u00f3n general. La C\u00e1mara de Comercio de International Drive no garantiza ni hace ninguna declaraci\u00f3n con respecto a la precisi\u00f3n, los resultados probables o la confiabilidad del uso de los materiales en este sitio web, o en relaci\u00f3n con dichos materiales o en cualquier recurso vinculado a este sitio web.<\/p>\n<h2>Enlaces<\/h2>\n<p>La C\u00e1mara de Comercio de International Drive no ha revisado todos los sitios vinculados a su sitio web y no es responsable del contenido de dichos sitios vinculados. La inclusi\u00f3n de cualquier enlace no implica respaldo, aprobaci\u00f3n o control del sitio por parte de la C\u00e1mara de Comercio de International Drive. El uso de dichos sitios vinculados es bajo su propio riesgo y le recomendamos encarecidamente que realice sus propias investigaciones con respecto a la idoneidad de esos sitios.<\/p>\n<h2>Derecho a rescindir<\/h2>\n<p>Podemos suspender o rescindir su derecho a utilizar nuestro sitio web y rescindir estos T\u00e9rminos de servicio inmediatamente despu\u00e9s de notificarle por escrito por cualquier incumplimiento de estos T\u00e9rminos de servicio.<\/p>\n<h2>Ruptura<\/h2>\n<p>Cualquier t\u00e9rmino de estos T\u00e9rminos de servicio que sea total o parcialmente nulo o inaplicable se cortar\u00e1 en la medida en que sea nulo o inaplicable. La validez del resto de estos T\u00e9rminos de servicio no se ve afectada.<\/p>\n<h2>Ley aplicable y de arbitraje<\/h2>\n<p>Cualquier disputa, reclamo o controversia que surja de o se relacione con estos T\u00e9rminos de servicio o el incumplimiento, terminaci\u00f3n, ejecuci\u00f3n, interpretaci\u00f3n o validez de los mismos, incluida la determinaci\u00f3n del alcance o la aplicabilidad de este acuerdo para arbitrar, se determinar\u00e1 mediante arbitraje en Orange. County, Florida ante un \u00e1rbitro. El arbitraje ser\u00e1 administrado por JAMS de conformidad con sus Reglas y Procedimientos de Arbitraje Integrales y de acuerdo con los Procedimientos Acelerados en esas Reglas. El fallo sobre el Laudo puede ingresarse en cualquier tribunal que tenga jurisdicci\u00f3n. Esta cl\u00e1usula no impedir\u00e1 que las partes busquen remedios provisionales en ayuda del arbitraje de un tribunal de jurisdicci\u00f3n apropiada. Los T\u00e9rminos de servicio se rigen e interpretan de acuerdo con las leyes de Florida.<\/p>\n<h2>Sin acciones colectivas o representativas<\/h2>\n<p>El arbitraje puede resolver solo sus reclamos individuales y \/ o los de la C\u00e1mara de Comercio de International Drive, y el \u00e1rbitro no tendr\u00e1 autoridad para considerar o arbitrar ning\u00fan reclamo en forma colectiva o representativa, a menos que tanto usted como la C\u00e1mara de Comercio de International Drive est\u00e9n de acuerdo. de lo contrario, por escrito, para consolidar o unir los reclamos de otras personas o partes que puedan estar en una situaci\u00f3n similar.<\/p>\n<p>[\/ et_pb_text] [\/ et_pb_column] [\/ et_pb_row] [\/ et_pb_section] [et_pb_section fb_built = \u201d1 \u2033 fullwidth =\u201d en \u201dadmin_label =\u201d Footer \u201d_builder_version =\u201d 4.10.6 \u2033 background_image = \u201dhttps3: \/\/therightline .us-east-2.amazonaws.com \/ wp-content \/ uploads \/ 2021\/09\/03042935 \/ map_bg.jpg \u201dbackground_position =\u201d top_center \u201dwidth =\u201d 100vw \u201dwidth_tablet =\u201d 100% \u201dwidth_phone =\u201d \u201dwidth_last_edited =\u201d en | escritorio \u201dmodule_alignment =\u201d right \u201dcustom_margin =\u201d - 75px |||| false | false \u201dscroll_vertical_motion =\u201d 0 | 24 | 24 | 100 | 2 | -0.5 | -0.5 \u2033 global_module = \u201d206 \u2033 Saved_tabs =\u201d all \u201d global_colors_info = \u201d{}\u201d] [et_pb_fullwidth_header title = \u201d\u00danase a la lucha\u201d button_one_text = \u201d\u00a1Act\u00fae!\u201d button_one_url = \u201d@ ET-DC @ eyJkeW5hbWljIjp0cnVlLCJjb250ZW50IjoicG9zdF9saW5rX3VybF9wYWdlIiwic2V0dGluZ3MiOnsicG9zdF9pZCI_196I\u201d | title_text_color = \u201d#FFFFFF\u201d title_font_size = \u201d56px\u201d title_line_height = \u201d1.2em\u201d content_font = \u201d||||||||\u201d content_text_color = \u201d#FFFFFF\u201d content_font_size = \u201d28px\u201d content_line_height = \u201d1.8em\u201d background_color = \u201drgba (46,118,141,0.9)\u201d use_background_color_gradient = \u201don\u201d background_color_gradient_start = \u201drgba (46,118,141,0.74)\u201d rgba (46,118,141,0.74) \u201dbackground_end) \u201dBackground_color_gradient_direction =\u201d 90deg \u201dbackground_enable_image =\u201d off \u201dparallax =\u201d on \u201dparallax_method =\u201d on \u201dcustom_button_one =\u201d on \u201dbutton_one_text_size =\u201d 14px \u201dbutton_one_text_color =\u201d #FFFFFF \u201dbutton_oneborg_bg_color0 =\u201d 0,0) \u201dbutton_one_border_radius =\u201d 100px \u201dbutton_one_letter_spacing =\u201d 2px \u201dbutton_one_font =\u201d | 700 || en ||||| \u201d button_one_icon = \u201d%%3%%\u201d button_one_custom_padding = \u201d12px | 40px | 12px | 40px | true | true\u201d custom_button_two = \u201den\u201d button_two_text_size = \u201d14px\u201d button_two_text_color = \u201d#ffoff_ffgtwo_text_color =\u201d #ffoff_ffgtwo button_two_border_radius = \u201d100px\u201d button_two_letter_spacing = \u201d2px\u201d button_two_font = \u201dRaleway | 700 || en |||||\u201d button_two_icon = \u201d%%3%%\u201d button_two_custom_padding = \u201d15px | 40px | 15px | 40px | true | true\u201d custom_padding = \u201d7vw | 10vw | 7vw || true |\u201d custom_padding_tablet = \u201d| 0vw || 40px | falso | falso\u201d custom_padding_phone = \u201d\u201d custom_padding_last_edited = \u201den | tel\u00e9fono\u201d title_font_size_tablet = \u201d32px\u201d title_font_size_phone = \u201d26px\u201d title_font_size_last_edited = \u201den | tel\u00e9fono\u201d content_font_size \u201d content_font_size_last_edited = \u201den | escritorio\u201d custom_css_header_container = \u201dancho: 100%;\u201d global_colors_info = \u201d{}\u201d]<\/p>\n<p>Obt\u00e9n m\u00e1s informaci\u00f3n sobre lo que est\u00e1 en riesgo y c\u00f3mo participar.<\/p>\n<p>[\/ et_pb_fullwidth_header] [\/ et_pb_section] [et_pb_section fb_built = \u201d1 \u2033 _builder_version =\u201d 4.10.6 \u2033 _module_preset = \u201ddefault\u201d custom_margin = \u201d0px |||| false | false\u201d custom_padding = \u201d40px falso || 40px || false \u201dglobal_colors_info =\u201d {} \u201dglobal_module =\u201d 418 \u2033] [et_pb_row _builder_version = \u201d4.10.6 \u2033 _module_preset =\u201d default \u201dwidth =\u201d 90% \u201dmax_width =\u201d 1227px \u201dglobal_colors_info =\u201d {} \u201d] [et_pb_column type =\u201d 4_4 \u2033 _builder_version = \u201d4.10.6 \u2033 _module_preset =\u201d default \u201dglobal_colors_info =\u201d {} \u201d] [et_pb_text _builder_version =\u201d 4.10.6 \u2033 _module_preset = \u201ddefault\u201d link_text_color = \u201d#2E768D\u201d link_font_1size = \u201d161px max_width = \u201d100%\u201d global_colors_info = \u201d{}\u201d]<\/p>\n<p><a href=\"https:\/\/orlandosrightrail.com\/es\/privacy-policy\/\">Pol\u00edtica de privacidad<\/a> |\u00a0<a href=\"https:\/\/orlandosrightrail.com\/es\/terms-of-service\/\">T\u00e9rminos de servicio<\/a> |\u00a0<a href=\"https:\/\/orlandosrightrail.com\/es\/cookie-policy\/\">Pol\u00edtica de cookies<\/a><\/p>\n<p>[\/ et_pb_text] [\/ et_pb_column] [\/ et_pb_row] [\/ et_pb_section]<\/p>","protected":false},"excerpt":{"rendered":"<p>T\u00e9rminos de servicioEstos T\u00e9rminos de servicio rigen su uso del sitio web ubicado en https:\/\/orlandosrightrail.com y cualquier servicio relacionado proporcionado por la C\u00e1mara de Comercio de International Drive. POR FAVOR LEA ESTOS T\u00c9RMINOS DE SERVICIO DETENIDAMENTE, CONTIENEN INFORMACI\u00d3N IMPORTANTE SOBRE SUS DERECHOS LEGALES, INCLUYENDO ARBITRAJE OBLIGATORIO, SIN COMPENSACI\u00d3N COLECTIVA Y RENUNCIA A SU DERECHO A [\u2026]<\/p>","protected":false},"author":5,"featured_media":0,"parent":0,"menu_order":0,"comment_status":"closed","ping_status":"closed","template":"","meta":{"_et_pb_use_builder":"on","_et_pb_old_content":"","_et_gb_content_width":"","footnotes":""},"class_list":["post-411","page","type-page","status-publish","hentry"],"yoast_head":"<!-- This site is optimized with the Yoast SEO plugin v17.2 - https:\/\/yoast.com\/wordpress\/plugins\/seo\/ -->\n<title>Terms of Service - Orlando&#039;s Right Rail<\/title>\n<meta name=\"robots\" content=\"index, follow, max-snippet:-1, max-image-preview:large, max-video-preview:-1\" \/>\n<link rel=\"canonical\" href=\"https:\/\/orlandosrightrail.com\/es\/terms-of-service\/\" \/>\n<meta property=\"og:locale\" content=\"es_ES\" \/>\n<meta property=\"og:type\" content=\"article\" \/>\n<meta property=\"og:title\" content=\"Terms of Service - Orlando&#039;s Right Rail\" \/>\n<meta property=\"og:description\" content=\"Terms of ServiceThese Terms of Service govern your use of the website located at https:\/\/orlandosrightrail.com and any related services provided by The International Drive Chamber of Commerce. PLEASE READ THESE TERMS OF SERVICE CAREFULLY, THEY CONTAIN IMPORTANT INFORMATION REGARDING YOUR LEGAL RIGHTS INCLUDING MANDATORY ARBITRATION, NO CLASS RELIEF, AND WAIVER OF YOUR RIGHT TO A [&hellip;]\" \/>\n<meta property=\"og:url\" content=\"https:\/\/orlandosrightrail.com\/es\/terms-of-service\/\" \/>\n<meta property=\"og:site_name\" content=\"Orlando&#039;s Right Rail\" \/>\n<meta property=\"article:modified_time\" content=\"2021-09-22T19:56:53+00:00\" \/>\n<meta property=\"og:image\" content=\"https:\/\/orlandosrightrail.com\/wp-content\/uploads\/2021\/11\/17220604\/ORR_default_image.jpg\" \/>\n\t<meta property=\"og:image:width\" content=\"240\" \/>\n\t<meta property=\"og:image:height\" content=\"240\" \/>\n<meta name=\"twitter:card\" content=\"summary_large_image\" \/>\n<meta name=\"twitter:label1\" content=\"Tiempo de lectura\" \/>\n\t<meta name=\"twitter:data1\" content=\"10 minutos\" \/>\n<script type=\"application\/ld+json\" class=\"yoast-schema-graph\">{\"@context\":\"https:\/\/schema.org\",\"@graph\":[{\"@type\":\"WebSite\",\"@id\":\"https:\/\/orlandosrightrail.com\/es\/#website\",\"url\":\"https:\/\/orlandosrightrail.com\/es\/\",\"name\":\"Orlando&#039;s Right Rail\",\"description\":\"The only choice for Central Florida\\u2019s communities, business and environment.\",\"potentialAction\":[{\"@type\":\"SearchAction\",\"target\":{\"@type\":\"EntryPoint\",\"urlTemplate\":\"https:\/\/orlandosrightrail.com\/es\/?s={search_term_string}\"},\"query-input\":\"required name=search_term_string\"}],\"inLanguage\":\"es\"},{\"@type\":\"WebPage\",\"@id\":\"https:\/\/orlandosrightrail.com\/es\/terms-of-service\/#webpage\",\"url\":\"https:\/\/orlandosrightrail.com\/es\/terms-of-service\/\",\"name\":\"Terms of Service - Orlando&#039;s Right Rail\",\"isPartOf\":{\"@id\":\"https:\/\/orlandosrightrail.com\/es\/#website\"},\"datePublished\":\"2021-09-22T19:42:43+00:00\",\"dateModified\":\"2021-09-22T19:56:53+00:00\",\"breadcrumb\":{\"@id\":\"https:\/\/orlandosrightrail.com\/es\/terms-of-service\/#breadcrumb\"},\"inLanguage\":\"es\",\"potentialAction\":[{\"@type\":\"ReadAction\",\"target\":[\"https:\/\/orlandosrightrail.com\/es\/terms-of-service\/\"]}]},{\"@type\":\"BreadcrumbList\",\"@id\":\"https:\/\/orlandosrightrail.com\/es\/terms-of-service\/#breadcrumb\",\"itemListElement\":[{\"@type\":\"ListItem\",\"position\":1,\"name\":\"Home\",\"item\":\"https:\/\/orlandosrightrail.com\/es\/\"},{\"@type\":\"ListItem\",\"position\":2,\"name\":\"Terms of Service\"}]}]}<\/script>\n<!-- \/ Yoast SEO plugin. -->","yoast_head_json":{"title":"Terms of Service - Orlando&#039;s Right Rail","robots":{"index":"index","follow":"follow","max-snippet":"max-snippet:-1","max-image-preview":"max-image-preview:large","max-video-preview":"max-video-preview:-1"},"canonical":"https:\/\/orlandosrightrail.com\/es\/terms-of-service\/","og_locale":"es_ES","og_type":"article","og_title":"Terms of Service - Orlando&#039;s Right Rail","og_description":"Terms of ServiceThese Terms of Service govern your use of the website located at https:\/\/orlandosrightrail.com and any related services provided by The International Drive Chamber of Commerce. PLEASE READ THESE TERMS OF SERVICE CAREFULLY, THEY CONTAIN IMPORTANT INFORMATION REGARDING YOUR LEGAL RIGHTS INCLUDING MANDATORY ARBITRATION, NO CLASS RELIEF, AND WAIVER OF YOUR RIGHT TO A [&hellip;]","og_url":"https:\/\/orlandosrightrail.com\/es\/terms-of-service\/","og_site_name":"Orlando&#039;s Right Rail","article_modified_time":"2021-09-22T19:56:53+00:00","og_image":[{"width":240,"height":240,"url":"https:\/\/orlandosrightrail.com\/wp-content\/uploads\/2021\/11\/17220604\/ORR_default_image.jpg","path":"\/www\/orlandosrightrailuniversal_345\/public\/wp-content\/uploads\/wp-content\/uploads\/2021\/11\/17220604\/ORR_default_image.jpg","size":"full","id":744,"alt":"","pixels":57600,"type":"image\/jpeg"}],"twitter_card":"summary_large_image","twitter_misc":{"Tiempo de lectura":"10 minutos"},"schema":{"@context":"https:\/\/schema.org","@graph":[{"@type":"WebSite","@id":"https:\/\/orlandosrightrail.com\/es\/#website","url":"https:\/\/orlandosrightrail.com\/es\/","name":"Orlando&#039;s Right Rail","description":"The only choice for Central Florida\u2019s communities, business and environment.","potentialAction":[{"@type":"SearchAction","target":{"@type":"EntryPoint","urlTemplate":"https:\/\/orlandosrightrail.com\/es\/?s={search_term_string}"},"query-input":"required name=search_term_string"}],"inLanguage":"es"},{"@type":"WebPage","@id":"https:\/\/orlandosrightrail.com\/es\/terms-of-service\/#webpage","url":"https:\/\/orlandosrightrail.com\/es\/terms-of-service\/","name":"Terms of Service - Orlando&#039;s Right Rail","isPartOf":{"@id":"https:\/\/orlandosrightrail.com\/es\/#website"},"datePublished":"2021-09-22T19:42:43+00:00","dateModified":"2021-09-22T19:56:53+00:00","breadcrumb":{"@id":"https:\/\/orlandosrightrail.com\/es\/terms-of-service\/#breadcrumb"},"inLanguage":"es","potentialAction":[{"@type":"ReadAction","target":["https:\/\/orlandosrightrail.com\/es\/terms-of-service\/"]}]},{"@type":"BreadcrumbList","@id":"https:\/\/orlandosrightrail.com\/es\/terms-of-service\/#breadcrumb","itemListElement":[{"@type":"ListItem","position":1,"name":"Home","item":"https:\/\/orlandosrightrail.com\/es\/"},{"@type":"ListItem","position":2,"name":"Terms of Service"}]}]}},"_links":{"self":[{"href":"https:\/\/orlandosrightrail.com\/es\/wp-json\/wp\/v2\/pages\/411","targetHints":{"allow":["GET"]}}],"collection":[{"href":"https:\/\/orlandosrightrail.com\/es\/wp-json\/wp\/v2\/pages"}],"about":[{"href":"https:\/\/orlandosrightrail.com\/es\/wp-json\/wp\/v2\/types\/page"}],"author":[{"embeddable":true,"href":"https:\/\/orlandosrightrail.com\/es\/wp-json\/wp\/v2\/users\/5"}],"replies":[{"embeddable":true,"href":"https:\/\/orlandosrightrail.com\/es\/wp-json\/wp\/v2\/comments?post=411"}],"version-history":[{"count":3,"href":"https:\/\/orlandosrightrail.com\/es\/wp-json\/wp\/v2\/pages\/411\/revisions"}],"predecessor-version":[{"id":428,"href":"https:\/\/orlandosrightrail.com\/es\/wp-json\/wp\/v2\/pages\/411\/revisions\/428"}],"wp:attachment":[{"href":"https:\/\/orlandosrightrail.com\/es\/wp-json\/wp\/v2\/media?parent=411"}],"curies":[{"name":"wp","href":"https:\/\/api.w.org\/{rel}","templated":true}]}}