{"id":414,"date":"2021-09-22T19:44:28","date_gmt":"2021-09-22T19:44:28","guid":{"rendered":"https:\/\/orlandosrightrail.com\/?page_id=414"},"modified":"2021-09-22T19:57:27","modified_gmt":"2021-09-22T19:57:27","slug":"cookie-policy","status":"publish","type":"page","link":"https:\/\/orlandosrightrail.com\/es\/cookie-policy\/","title":{"rendered":"Pol\u00edtica de cookies"},"content":{"rendered":"<p>[et_pb_section fb_built=&#8221;1&#8243; admin_label=&#8221;Header&#8221; _builder_version=&#8221;4.10.6&#8243; background_color=&#8221;#a5a5a5&#8243; use_background_color_gradient=&#8221;on&#8221; background_color_gradient_start=&#8221;#f7f7f7&#8243; background_color_gradient_end=&#8221;#ffffff&#8221; background_color_gradient_direction=&#8221;90deg&#8221; background_color_gradient_start_position=&#8221;66%&#8221; background_color_gradient_end_position=&#8221;0%&#8221; background_image=&#8221;https:\/\/therightline.s3.us-east-2.amazonaws.com\/wp-content\/uploads\/2021\/09\/15181952\/issue_header.jpg&#8221; background_enable_video_mp4=&#8221;off&#8221; custom_margin=&#8221;|||||&#8221; custom_padding=&#8221;||||false|false&#8221; background_last_edited=&#8221;on|tablet&#8221; use_background_color_gradient_tablet=&#8221;on&#8221; background_color_gradient_start_position_tablet=&#8221;100%&#8221; custom_css_before=&#8221;content:%22%22;||    display: block;||    position: absolute;||    top: 0;||    left: 0;||    width: 100%;||    height: 100%;||    background-color: rgba(46,118,141,0.9);||    z-index: 1;&#8221; global_colors_info=&#8221;{}&#8221;][et_pb_row custom_padding_last_edited=&#8221;on|phone&#8221; padding_left_right_link_1=&#8221;false&#8221; _builder_version=&#8221;4.10.6&#8243; background_image=&#8221;https:\/\/www.therightline.com\/wp-content\/uploads\/2021\/09\/03042928\/green-energy-20.png&#8221; background_size=&#8221;initial&#8221; background_position=&#8221;top_left&#8221; custom_padding=&#8221;|||20px&#8221; custom_padding_tablet=&#8221;&#8221; custom_padding_phone=&#8221;|||0px&#8221; global_colors_info=&#8221;{}&#8221;][et_pb_column type=&#8221;4_4&#8243; _builder_version=&#8221;3.25&#8243; background_repeat=&#8221;repeat&#8221; custom_padding=&#8221;|20px||&#8221; custom_padding_tablet=&#8221;|0px||&#8221; custom_padding_phone=&#8221;&#8221; custom_padding_last_edited=&#8221;on|tablet&#8221; global_colors_info=&#8221;{}&#8221; custom_padding__hover=&#8221;|||&#8221;][et_pb_text _builder_version=&#8221;4.10.6&#8243; text_font=&#8221;||||||||&#8221; text_text_color=&#8221;gcid-e40592ff-59d1-4434-b83b-f02c8b90f097&#8243; text_font_size=&#8221;24px&#8221; text_line_height=&#8221;1.8em&#8221; header_font=&#8221;|600||on|||||&#8221; header_text_color=&#8221;#FFFFFF&#8221; header_font_size=&#8221;72px&#8221; custom_margin=&#8221;||2px|||&#8221; text_font_size_tablet=&#8221;&#8221; text_font_size_phone=&#8221;14px&#8221; text_font_size_last_edited=&#8221;on|desktop&#8221; header_font_size_tablet=&#8221;50px&#8221; header_font_size_phone=&#8221;30px&#8221; header_font_size_last_edited=&#8221;on|phone&#8221; global_colors_info=&#8221;{%22gcid-e40592ff-59d1-4434-b83b-f02c8b90f097%22:%91%22text_text_color%22,%22header_text_color%22%93}&#8221;]<\/p>\n<h1>T\u00e9rminos de servicio<\/h1>\n<p>[\/ et_pb_text] [\/ et_pb_column] [\/ et_pb_row] [\/ et_pb_section] [et_pb_section fb_built = \u201d1 \u2033 _builder_version =\u201d 4.10.6 \u2033 background_color_gradient_direction = \u201d343deg contienen top\u201d background_enable_image_image_ = \u201doff\u201d custom_padding = \u201d|| 103px |||\u201d global_colors_info = \u201d{}\u201d] [et_pb_row _builder_version = \u201d4.10.6 \u2033 max_width =\u201d 980px \u201dbloqueado =\u201d off \u201dglobal_colors_info =\u201d {} \u201d] [et_pb_column type =\u201d 4_4 \u2033 _builder_version = \u201d3.25 \u2033 custom_padding =\u201d || | \u201d global_colors_info = \u201d{}\u201d custom_padding__hover = \u201d|||\u201d] [et_pb_text _builder_version = \u201d4.10.6 \u2033 text_font =\u201d |||||||| \u201d text_text_color = \u201d#002B3A\u201d text_font_size = \u201d18px\u201d text_line_height = \u201d1.9em\u201d link_text_color = \u201d#E09900 \u2033 header_font =\u201d |||||||| \u201d header_2_font = \u201d| 700 || en |||||\u201d header_2_text_color = \u201d#002B3A\u201d header_2_font_size = \u201d28px\u201d header_2_line_height = \u201d1.2em\u201d custom_margin = \u201d|| 60px | 20px | false | false\u201d text_font_size_tablet = \u201d\u201d text_font_size_phone = \u201d14px\u201d text_font_size_size_phone = \u201d14px\u201d text_font_size_size \u201d_last | header_2_font_size_phone = \u201d26px\u201d header_2_font_size_last_edited = \u201den | tel\u00e9fono\u201d text_text_align = \u201dleft\u201d bloqueado = \u201doff\u201d global_colors_info = \u201d{}\u201d]<\/p>\n<p>Usamos cookies para ayudar a mejorar su experiencia en nuestro sitio web en https:\/\/orlandosrightrail.com. Esta pol\u00edtica de cookies es parte de la pol\u00edtica de privacidad de la C\u00e1mara de Comercio de International Drive. Cubre el uso de cookies entre su dispositivo y nuestro sitio.<\/p>\n<p>Tambi\u00e9n proporcionamos informaci\u00f3n b\u00e1sica sobre servicios de terceros que podemos usar, quienes tambi\u00e9n pueden usar cookies como parte de su servicio. Esta pol\u00edtica no cubre sus cookies.<\/p>\n<p>Si no desea aceptar nuestras cookies, debe indicarle a su navegador que rechace las cookies de https:\/\/orlandosrightrail.com. En tal caso, es posible que no podamos brindarle algunos de los contenidos y servicios que desea.<\/p>\n<h2>\u00bfQu\u00e9 es una cookie?<\/h2>\n<p>Una cookie es un peque\u00f1o dato que un sitio web almacena en su dispositivo cuando lo visita. Por lo general, contiene informaci\u00f3n sobre el sitio web en s\u00ed, un identificador \u00fanico que le permite al sitio reconocer su navegador web cuando regresa, datos adicionales que sirven para el prop\u00f3sito de la cookie y la vida \u00fatil de la cookie en s\u00ed.<\/p>\n<p>Las cookies se utilizan para habilitar ciertas funciones (por ejemplo, iniciar sesi\u00f3n), rastrear el uso del sitio (por ejemplo, an\u00e1lisis), almacenar su configuraci\u00f3n de usuario (por ejemplo, zona horaria, preferencias de notificaci\u00f3n) y para personalizar su contenido (por ejemplo, publicidad, idioma).<\/p>\n<p>Las cookies establecidas por el sitio web que est\u00e1 visitando generalmente se denominan cookies de origen. Por lo general, solo realizan un seguimiento de su actividad en ese sitio en particular.<\/p>\n<p>Las cookies establecidas por otros sitios y empresas (es decir, terceros) se denominan cookies de terceros. Se pueden utilizar para rastrearlo en otros sitios web que utilizan el mismo servicio de terceros.<\/p>\n<p>Tipos de cookies y como las usamos<\/p>\n<p><strong>Cookies esenciales<\/strong><\/p>\n<p>Las cookies esenciales son cruciales para su experiencia en un sitio web, ya que permiten funciones b\u00e1sicas como inicios de sesi\u00f3n de usuarios, administraci\u00f3n de cuentas, carritos de compras y procesamiento de pagos.<\/p>\n<p>No utilizamos este tipo de cookies en nuestro sitio.<\/p>\n<p><strong>Cookies de rendimiento<\/strong><\/p>\n<p>Las cookies de rendimiento rastrean c\u00f3mo utiliza un sitio web durante su visita. Por lo general, esta informaci\u00f3n es an\u00f3nima y agregada, con informaci\u00f3n rastreada en todos los usuarios del sitio. Ayudan a las empresas a comprender los patrones de uso de los visitantes, identificar y diagnosticar problemas o errores que pueden encontrar sus usuarios y tomar mejores decisiones estrat\u00e9gicas para mejorar la experiencia general del sitio web de su audiencia. Estas cookies pueden ser configuradas por el sitio web que est\u00e1 visitando (de primera parte) o por servicios de terceros. No recopilan informaci\u00f3n personal sobre usted.<\/p>\n<p>Usamos cookies de rendimiento en nuestro sitio.<\/p>\n<p><strong>Cookies de funcionalidad<\/strong><\/p>\n<p>Las cookies de funcionalidad se utilizan para recopilar informaci\u00f3n sobre su dispositivo y cualquier configuraci\u00f3n que pueda configurar en el sitio web que est\u00e1 visitando (como la configuraci\u00f3n de idioma y zona horaria). Con esta informaci\u00f3n, los sitios web pueden proporcionarle contenido y servicios personalizados, mejorados u optimizados. Estas cookies pueden ser configuradas por el sitio web que est\u00e1 visitando (de primera parte) o por servicios de terceros.<\/p>\n<p>No utilizamos este tipo de cookies en nuestro sitio.<\/p>\n<p><strong>Cookies de segmentaci\u00f3n \/ publicidad<\/strong><\/p>\n<p>Las cookies de orientaci\u00f3n \/ publicidad ayudan a determinar qu\u00e9 contenido promocional es m\u00e1s relevante y apropiado para usted y sus intereses. Los sitios web pueden utilizarlos para ofrecer publicidad dirigida o limitar la cantidad de veces que ve un anuncio. Esto ayuda a las empresas a mejorar la eficacia de sus campa\u00f1as y la calidad del contenido que se le presenta. Estas cookies pueden ser configuradas por el sitio web que est\u00e1 visitando (de primera parte) o por servicios de terceros. Las cookies de orientaci\u00f3n \/ publicidad establecidas por terceros pueden usarse para rastrearlo en otros sitios web que usan el mismo servicio de terceros.<\/p>\n<p>Utilizamos cookies de orientaci\u00f3n \/ publicidad en nuestro sitio.<\/p>\n<p>[\/ et_pb_text] [\/ et_pb_column] [\/ et_pb_row] [\/ et_pb_section] [et_pb_section fb_built = \u201d1 \u2033 fullwidth =\u201d en \u201dadmin_label =\u201d Footer \u201d_builder_version =\u201d 4.10.6 \u2033 background_image = \u201dhttps3: \/\/therightline .us-east-2.amazonaws.com \/ wp-content \/ uploads \/ 2021\/09\/03042935 \/ map_bg.jpg \u201dbackground_position =\u201d top_center \u201dwidth =\u201d 100vw \u201dwidth_tablet =\u201d 100% \u201dwidth_phone =\u201d \u201dwidth_last_edited =\u201d en | escritorio \u201dmodule_alignment =\u201d right \u201dcustom_margin =\u201d - 75px |||| false | false \u201dscroll_vertical_motion =\u201d 0 | 24 | 24 | 100 | 2 | -0.5 | -0.5 \u2033 global_module = \u201d206 \u2033 Saved_tabs =\u201d all \u201d global_colors_info = \u201d{}\u201d] [et_pb_fullwidth_header title = \u201d\u00danase a la lucha\u201d button_one_text = \u201d\u00a1Act\u00fae!\u201d button_one_url = \u201d@ ET-DC @ eyJkeW5hbWljIjp0cnVlLCJjb250ZW50IjoicG9zdF9saW5rX3VybF9wYWdlIiwic2V0dGluZ3MiOnsicG9zdF9pZCI_196I\u201d | title_text_color = \u201d#FFFFFF\u201d title_font_size = \u201d56px\u201d title_line_height = \u201d1.2em\u201d content_font = \u201d||||||||\u201d content_text_color = \u201d#FFFFFF\u201d content_font_size = \u201d28px\u201d content_line_height = \u201d1.8em\u201d background_color = \u201drgba (46,118,141,0.9)\u201d use_background_color_gradient = \u201don\u201d background_color_gradient_start = \u201drgba (46,118,141,0.74)\u201d rgba (46,118,141,0.74) \u201dbackground_end) \u201dBackground_color_gradient_direction =\u201d 90deg \u201dbackground_enable_image =\u201d off \u201dparallax =\u201d on \u201dparallax_method =\u201d on \u201dcustom_button_one =\u201d on \u201dbutton_one_text_size =\u201d 14px \u201dbutton_one_text_color =\u201d #FFFFFF \u201dbutton_oneborg_bg_color0 =\u201d 0,0) \u201dbutton_one_border_radius =\u201d 100px \u201dbutton_one_letter_spacing =\u201d 2px \u201dbutton_one_font =\u201d | 700 || en ||||| \u201d button_one_icon = \u201d%%3%%\u201d button_one_custom_padding = \u201d12px | 40px | 12px | 40px | true | true\u201d custom_button_two = \u201den\u201d button_two_text_size = \u201d14px\u201d button_two_text_color = \u201d#ffoff_ffgtwo_text_color =\u201d #ffoff_ffgtwo button_two_border_radius = \u201d100px\u201d button_two_letter_spacing = \u201d2px\u201d button_two_font = \u201dRaleway | 700 || en |||||\u201d button_two_icon = \u201d%%3%%\u201d button_two_custom_padding = \u201d15px | 40px | 15px | 40px | true | true\u201d custom_padding = \u201d7vw | 10vw | 7vw || true |\u201d custom_padding_tablet = \u201d| 0vw || 40px | falso | falso\u201d custom_padding_phone = \u201d\u201d custom_padding_last_edited = \u201den | tel\u00e9fono\u201d title_font_size_tablet = \u201d32px\u201d title_font_size_phone = \u201d26px\u201d title_font_size_last_edited = \u201den | tel\u00e9fono\u201d content_font_size \u201d content_font_size_last_edited = \u201den | escritorio\u201d custom_css_header_container = \u201dancho: 100%;\u201d global_colors_info = \u201d{}\u201d]<\/p>\n<p>Obt\u00e9n m\u00e1s informaci\u00f3n sobre lo que est\u00e1 en riesgo y c\u00f3mo participar.<\/p>\n<p>[\/ et_pb_fullwidth_header] [\/ et_pb_section] [et_pb_section fb_built = \u201d1 \u2033 _builder_version =\u201d 4.10.6 \u2033 _module_preset = \u201ddefault\u201d custom_margin = \u201d0px |||| false | false\u201d custom_padding = \u201d40px falso || 40px || false \u201dglobal_colors_info =\u201d {} \u201dglobal_module =\u201d 418 \u2033] [et_pb_row _builder_version = \u201d4.10.6 \u2033 _module_preset =\u201d default \u201dwidth =\u201d 90% \u201dmax_width =\u201d 1227px \u201dglobal_colors_info =\u201d {} \u201d] [et_pb_column type =\u201d 4_4 \u2033 _builder_version = \u201d4.10.6 \u2033 _module_preset =\u201d default \u201dglobal_colors_info =\u201d {} \u201d] [et_pb_text _builder_version =\u201d 4.10.6 \u2033 _module_preset = \u201ddefault\u201d link_text_color = \u201d#2E768D\u201d link_font_1size = \u201d161px max_width = \u201d100%\u201d global_colors_info = \u201d{}\u201d]<\/p>\n<p><a href=\"https:\/\/orlandosrightrail.com\/es\/privacy-policy\/\">Pol\u00edtica de privacidad<\/a> |\u00a0<a href=\"https:\/\/orlandosrightrail.com\/es\/terms-of-service\/\">T\u00e9rminos de servicio<\/a> |\u00a0<a href=\"https:\/\/orlandosrightrail.com\/es\/cookie-policy\/\">Pol\u00edtica de cookies<\/a><\/p>\n<p>[\/ et_pb_text] [\/ et_pb_column] [\/ et_pb_row] [\/ et_pb_section]<\/p>","protected":false},"excerpt":{"rendered":"<p>T\u00e9rminos de servicio Utilizamos cookies para ayudar a mejorar su experiencia en nuestro sitio web en https:\/\/orlandosrightrail.com. Esta pol\u00edtica de cookies es parte de la pol\u00edtica de privacidad de la C\u00e1mara de Comercio de International Drive. Cubre el uso de cookies entre su dispositivo y nuestro sitio. Tambi\u00e9n proporcionamos informaci\u00f3n b\u00e1sica sobre los servicios de terceros que podemos utilizar, quienes tambi\u00e9n pueden [\u2026]<\/p>","protected":false},"author":5,"featured_media":0,"parent":0,"menu_order":0,"comment_status":"closed","ping_status":"closed","template":"","meta":{"_et_pb_use_builder":"on","_et_pb_old_content":"","_et_gb_content_width":"","footnotes":""},"class_list":["post-414","page","type-page","status-publish","hentry"],"yoast_head":"<!-- This site is optimized with the Yoast SEO plugin v17.2 - https:\/\/yoast.com\/wordpress\/plugins\/seo\/ -->\n<title>Cookie Policy - Orlando&#039;s Right Rail<\/title>\n<meta name=\"robots\" content=\"index, follow, max-snippet:-1, max-image-preview:large, max-video-preview:-1\" \/>\n<link rel=\"canonical\" href=\"https:\/\/orlandosrightrail.com\/es\/cookie-policy\/\" \/>\n<meta property=\"og:locale\" content=\"es_ES\" \/>\n<meta property=\"og:type\" content=\"article\" \/>\n<meta property=\"og:title\" content=\"Cookie Policy - Orlando&#039;s Right Rail\" \/>\n<meta property=\"og:description\" content=\"Terms of ServiceWe use cookies to help improve your experience of our website at https:\/\/orlandosrightrail.com. This cookie policy is part of The International Drive Chamber of Commerce\u2019s privacy policy. It covers the use of cookies between your device and our site. We also provide basic information on third-party services we may use, who may also [&hellip;]\" \/>\n<meta property=\"og:url\" content=\"https:\/\/orlandosrightrail.com\/es\/cookie-policy\/\" \/>\n<meta property=\"og:site_name\" content=\"Orlando&#039;s Right Rail\" \/>\n<meta property=\"article:modified_time\" content=\"2021-09-22T19:57:27+00:00\" \/>\n<meta property=\"og:image\" content=\"https:\/\/orlandosrightrail.com\/wp-content\/uploads\/2021\/11\/17220604\/ORR_default_image.jpg\" \/>\n\t<meta property=\"og:image:width\" content=\"240\" \/>\n\t<meta property=\"og:image:height\" content=\"240\" \/>\n<meta name=\"twitter:card\" content=\"summary_large_image\" \/>\n<meta name=\"twitter:label1\" content=\"Tiempo de lectura\" \/>\n\t<meta name=\"twitter:data1\" content=\"7 minutos\" \/>\n<script type=\"application\/ld+json\" class=\"yoast-schema-graph\">{\"@context\":\"https:\/\/schema.org\",\"@graph\":[{\"@type\":\"WebSite\",\"@id\":\"https:\/\/orlandosrightrail.com\/es\/#website\",\"url\":\"https:\/\/orlandosrightrail.com\/es\/\",\"name\":\"Orlando&#039;s Right Rail\",\"description\":\"The only choice for Central Florida\\u2019s communities, business and environment.\",\"potentialAction\":[{\"@type\":\"SearchAction\",\"target\":{\"@type\":\"EntryPoint\",\"urlTemplate\":\"https:\/\/orlandosrightrail.com\/es\/?s={search_term_string}\"},\"query-input\":\"required name=search_term_string\"}],\"inLanguage\":\"es\"},{\"@type\":\"WebPage\",\"@id\":\"https:\/\/orlandosrightrail.com\/es\/cookie-policy\/#webpage\",\"url\":\"https:\/\/orlandosrightrail.com\/es\/cookie-policy\/\",\"name\":\"Cookie Policy - Orlando&#039;s Right Rail\",\"isPartOf\":{\"@id\":\"https:\/\/orlandosrightrail.com\/es\/#website\"},\"datePublished\":\"2021-09-22T19:44:28+00:00\",\"dateModified\":\"2021-09-22T19:57:27+00:00\",\"breadcrumb\":{\"@id\":\"https:\/\/orlandosrightrail.com\/es\/cookie-policy\/#breadcrumb\"},\"inLanguage\":\"es\",\"potentialAction\":[{\"@type\":\"ReadAction\",\"target\":[\"https:\/\/orlandosrightrail.com\/es\/cookie-policy\/\"]}]},{\"@type\":\"BreadcrumbList\",\"@id\":\"https:\/\/orlandosrightrail.com\/es\/cookie-policy\/#breadcrumb\",\"itemListElement\":[{\"@type\":\"ListItem\",\"position\":1,\"name\":\"Home\",\"item\":\"https:\/\/orlandosrightrail.com\/es\/\"},{\"@type\":\"ListItem\",\"position\":2,\"name\":\"Cookie Policy\"}]}]}<\/script>\n<!-- \/ Yoast SEO plugin. -->","yoast_head_json":{"title":"Cookie Policy - Orlando&#039;s Right Rail","robots":{"index":"index","follow":"follow","max-snippet":"max-snippet:-1","max-image-preview":"max-image-preview:large","max-video-preview":"max-video-preview:-1"},"canonical":"https:\/\/orlandosrightrail.com\/es\/cookie-policy\/","og_locale":"es_ES","og_type":"article","og_title":"Cookie Policy - Orlando&#039;s Right Rail","og_description":"Terms of ServiceWe use cookies to help improve your experience of our website at https:\/\/orlandosrightrail.com. This cookie policy is part of The International Drive Chamber of Commerce\u2019s privacy policy. It covers the use of cookies between your device and our site. We also provide basic information on third-party services we may use, who may also [&hellip;]","og_url":"https:\/\/orlandosrightrail.com\/es\/cookie-policy\/","og_site_name":"Orlando&#039;s Right Rail","article_modified_time":"2021-09-22T19:57:27+00:00","og_image":[{"width":240,"height":240,"url":"https:\/\/orlandosrightrail.com\/wp-content\/uploads\/2021\/11\/17220604\/ORR_default_image.jpg","path":"\/www\/orlandosrightrailuniversal_345\/public\/wp-content\/uploads\/wp-content\/uploads\/2021\/11\/17220604\/ORR_default_image.jpg","size":"full","id":744,"alt":"","pixels":57600,"type":"image\/jpeg"}],"twitter_card":"summary_large_image","twitter_misc":{"Tiempo de lectura":"7 minutos"},"schema":{"@context":"https:\/\/schema.org","@graph":[{"@type":"WebSite","@id":"https:\/\/orlandosrightrail.com\/es\/#website","url":"https:\/\/orlandosrightrail.com\/es\/","name":"Orlando&#039;s Right Rail","description":"The only choice for Central Florida\u2019s communities, business and environment.","potentialAction":[{"@type":"SearchAction","target":{"@type":"EntryPoint","urlTemplate":"https:\/\/orlandosrightrail.com\/es\/?s={search_term_string}"},"query-input":"required name=search_term_string"}],"inLanguage":"es"},{"@type":"WebPage","@id":"https:\/\/orlandosrightrail.com\/es\/cookie-policy\/#webpage","url":"https:\/\/orlandosrightrail.com\/es\/cookie-policy\/","name":"Cookie Policy - Orlando&#039;s Right Rail","isPartOf":{"@id":"https:\/\/orlandosrightrail.com\/es\/#website"},"datePublished":"2021-09-22T19:44:28+00:00","dateModified":"2021-09-22T19:57:27+00:00","breadcrumb":{"@id":"https:\/\/orlandosrightrail.com\/es\/cookie-policy\/#breadcrumb"},"inLanguage":"es","potentialAction":[{"@type":"ReadAction","target":["https:\/\/orlandosrightrail.com\/es\/cookie-policy\/"]}]},{"@type":"BreadcrumbList","@id":"https:\/\/orlandosrightrail.com\/es\/cookie-policy\/#breadcrumb","itemListElement":[{"@type":"ListItem","position":1,"name":"Home","item":"https:\/\/orlandosrightrail.com\/es\/"},{"@type":"ListItem","position":2,"name":"Cookie Policy"}]}]}},"_links":{"self":[{"href":"https:\/\/orlandosrightrail.com\/es\/wp-json\/wp\/v2\/pages\/414","targetHints":{"allow":["GET"]}}],"collection":[{"href":"https:\/\/orlandosrightrail.com\/es\/wp-json\/wp\/v2\/pages"}],"about":[{"href":"https:\/\/orlandosrightrail.com\/es\/wp-json\/wp\/v2\/types\/page"}],"author":[{"embeddable":true,"href":"https:\/\/orlandosrightrail.com\/es\/wp-json\/wp\/v2\/users\/5"}],"replies":[{"embeddable":true,"href":"https:\/\/orlandosrightrail.com\/es\/wp-json\/wp\/v2\/comments?post=414"}],"version-history":[{"count":3,"href":"https:\/\/orlandosrightrail.com\/es\/wp-json\/wp\/v2\/pages\/414\/revisions"}],"predecessor-version":[{"id":429,"href":"https:\/\/orlandosrightrail.com\/es\/wp-json\/wp\/v2\/pages\/414\/revisions\/429"}],"wp:attachment":[{"href":"https:\/\/orlandosrightrail.com\/es\/wp-json\/wp\/v2\/media?parent=414"}],"curies":[{"name":"wp","href":"https:\/\/api.w.org\/{rel}","templated":true}]}}